{"id":6357,"date":"2026-04-17T14:45:10","date_gmt":"2026-04-17T17:45:10","guid":{"rendered":"https:\/\/eyeflux.com.br\/?page_id=6357"},"modified":"2026-04-17T15:18:06","modified_gmt":"2026-04-17T18:18:06","slug":"segurancaemonitoramento","status":"publish","type":"page","link":"https:\/\/eyeflux.com.br\/?page_id=6357","title":{"rendered":"Seguran\u00e7a e Monitoramento"},"content":{"rendered":"\t\t<div data-elementor-type=\"wp-page\" data-elementor-id=\"6357\" class=\"elementor elementor-6357\">\n\t\t\t\t<div class=\"elementor-element elementor-element-bdd37fa e-flex e-con-boxed e-con e-parent\" data-id=\"bdd37fa\" data-element_type=\"container\" data-e-type=\"container\">\n\t\t\t\t\t<div class=\"e-con-inner\">\n\t\t\t\t<div class=\"elementor-element elementor-element-c8e52c8 elementor-widget elementor-widget-icon-box\" data-id=\"c8e52c8\" data-element_type=\"widget\" data-e-type=\"widget\" data-widget_type=\"icon-box.default\">\n\t\t\t\t\t\t\t<div class=\"elementor-icon-box-wrapper\">\n\n\t\t\t\n\t\t\t\t\t\t<div class=\"elementor-icon-box-content\">\n\n\t\t\t\t\t\t\t\t\t<h6 class=\"elementor-icon-box-title\">\n\t\t\t\t\t\t<span  >\n\t\t\t\t\t\t\tSeguran\u00e7a e Monitoramento\t\t\t\t\t\t<\/span>\n\t\t\t\t\t<\/h6>\n\t\t\t\t\n\t\t\t\t\n\t\t\t<\/div>\n\t\t\t\n\t\t<\/div>\n\t\t\t\t\t\t<\/div>\n\t\t\t\t\t<\/div>\n\t\t\t\t<\/div>\n\t\t<div class=\"elementor-element elementor-element-82ad50a e-con-full e-flex e-con e-parent\" data-id=\"82ad50a\" data-element_type=\"container\" data-e-type=\"container\">\n\t\t<div class=\"elementor-element elementor-element-f31398b e-con-full e-flex e-con e-child\" data-id=\"f31398b\" data-element_type=\"container\" data-e-type=\"container\">\n\t\t\t\t<div class=\"elementor-element elementor-element-5034584 elementor-widget elementor-widget-spacer\" data-id=\"5034584\" data-element_type=\"widget\" data-e-type=\"widget\" data-widget_type=\"spacer.default\">\n\t\t\t\t\t\t\t<div class=\"elementor-spacer\">\n\t\t\t<div class=\"elementor-spacer-inner\"><\/div>\n\t\t<\/div>\n\t\t\t\t\t\t<\/div>\n\t\t\t\t<div class=\"elementor-element elementor-element-14b06b5 elementor-widget elementor-widget-icon-box\" data-id=\"14b06b5\" data-element_type=\"widget\" data-e-type=\"widget\" data-widget_type=\"icon-box.default\">\n\t\t\t\t\t\t\t<div class=\"elementor-icon-box-wrapper\">\n\n\t\t\t\n\t\t\t\t\t\t<div class=\"elementor-icon-box-content\">\n\n\t\t\t\t\t\t\t\t\t<h6 class=\"elementor-icon-box-title\">\n\t\t\t\t\t\t<span  >\n\t\t\t\t\t\t\tIntrodu\u00e7\u00e3o \t\t\t\t\t\t<\/span>\n\t\t\t\t\t<\/h6>\n\t\t\t\t\n\t\t\t\t\n\t\t\t<\/div>\n\t\t\t\n\t\t<\/div>\n\t\t\t\t\t\t<\/div>\n\t\t\t\t<div class=\"elementor-element elementor-element-35dd24d animated-fast elementor-invisible elementor-widget elementor-widget-text-editor\" data-id=\"35dd24d\" data-element_type=\"widget\" data-e-type=\"widget\" data-settings=\"{&quot;_animation&quot;:&quot;opal-move-up&quot;}\" data-widget_type=\"text-editor.default\">\n\t\t\t\t\t\t\t\t\t<p data-start=\"248\" data-end=\"495\">A seguran\u00e7a dentro da opera\u00e7\u00e3o n\u00e3o pode depender de processos manuais ou da percep\u00e7\u00e3o humana. Com o EyeFlux, toda a movimenta\u00e7\u00e3o de pessoas e eventos cr\u00edticos passa a ser monitorada em tempo real, garantindo visibilidade total e resposta imediata.<\/p><p data-start=\"497\" data-end=\"718\">Atrav\u00e9s de dispositivos inteligentes como beacons e crach\u00e1s com bot\u00e3o de emerg\u00eancia, o sistema acompanha colaboradores, identifica situa\u00e7\u00f5es de risco e aciona alertas autom\u00e1ticos, elevando o n\u00edvel de prote\u00e7\u00e3o da opera\u00e7\u00e3o.<\/p>\t\t\t\t\t\t\t\t<\/div>\n\t\t\t\t<div class=\"elementor-element elementor-element-04e3ef4 elementor-widget elementor-widget-spacer\" data-id=\"04e3ef4\" data-element_type=\"widget\" data-e-type=\"widget\" data-widget_type=\"spacer.default\">\n\t\t\t\t\t\t\t<div class=\"elementor-spacer\">\n\t\t\t<div class=\"elementor-spacer-inner\"><\/div>\n\t\t<\/div>\n\t\t\t\t\t\t<\/div>\n\t\t\t\t<div class=\"elementor-element elementor-element-d22455f elementor-widget elementor-widget-icon-box\" data-id=\"d22455f\" data-element_type=\"widget\" data-e-type=\"widget\" data-widget_type=\"icon-box.default\">\n\t\t\t\t\t\t\t<div class=\"elementor-icon-box-wrapper\">\n\n\t\t\t\n\t\t\t\t\t\t<div class=\"elementor-icon-box-content\">\n\n\t\t\t\t\t\t\t\t\t<h6 class=\"elementor-icon-box-title\">\n\t\t\t\t\t\t<span  >\n\t\t\t\t\t\t\tDesafios\t\t\t\t\t\t<\/span>\n\t\t\t\t\t<\/h6>\n\t\t\t\t\n\t\t\t\t\n\t\t\t<\/div>\n\t\t\t\n\t\t<\/div>\n\t\t\t\t\t\t<\/div>\n\t\t\t\t<div class=\"elementor-element elementor-element-6d510f8 animated-fast elementor-invisible elementor-widget elementor-widget-text-editor\" data-id=\"6d510f8\" data-element_type=\"widget\" data-e-type=\"widget\" data-settings=\"{&quot;_animation&quot;:&quot;opal-move-up&quot;}\" data-widget_type=\"text-editor.default\">\n\t\t\t\t\t\t\t\t\t<p data-start=\"754\" data-end=\"930\">Ambientes industriais e operacionais apresentam riscos constantes, principalmente quando n\u00e3o existe controle preciso sobre a localiza\u00e7\u00e3o de pessoas e o acesso a \u00e1reas cr\u00edticas.<\/p><p data-start=\"932\" data-end=\"1202\">A falta de visibilidade pode gerar demora na resposta a incidentes, dificuldade em identificar situa\u00e7\u00f5es de risco e aus\u00eancia de rastreabilidade sobre o que aconteceu, quando e com quem. Isso impacta diretamente a seguran\u00e7a dos colaboradores e a conformidade da opera\u00e7\u00e3o.<\/p>\t\t\t\t\t\t\t\t<\/div>\n\t\t\t\t<div class=\"elementor-element elementor-element-9999bb2 elementor-widget elementor-widget-spacer\" data-id=\"9999bb2\" data-element_type=\"widget\" data-e-type=\"widget\" data-widget_type=\"spacer.default\">\n\t\t\t\t\t\t\t<div class=\"elementor-spacer\">\n\t\t\t<div class=\"elementor-spacer-inner\"><\/div>\n\t\t<\/div>\n\t\t\t\t\t\t<\/div>\n\t\t\t\t<div class=\"elementor-element elementor-element-f3c8e56 elementor-widget elementor-widget-icon-box\" data-id=\"f3c8e56\" data-element_type=\"widget\" data-e-type=\"widget\" data-widget_type=\"icon-box.default\">\n\t\t\t\t\t\t\t<div class=\"elementor-icon-box-wrapper\">\n\n\t\t\t\n\t\t\t\t\t\t<div class=\"elementor-icon-box-content\">\n\n\t\t\t\t\t\t\t\t\t<h6 class=\"elementor-icon-box-title\">\n\t\t\t\t\t\t<span  >\n\t\t\t\t\t\t\tSolu\u00e7\u00f5es\t\t\t\t\t\t<\/span>\n\t\t\t\t\t<\/h6>\n\t\t\t\t\n\t\t\t\t\n\t\t\t<\/div>\n\t\t\t\n\t\t<\/div>\n\t\t\t\t\t\t<\/div>\n\t\t\t\t<div class=\"elementor-element elementor-element-23babc5 animated-fast elementor-invisible elementor-widget elementor-widget-text-editor\" data-id=\"23babc5\" data-element_type=\"widget\" data-e-type=\"widget\" data-settings=\"{&quot;_animation&quot;:&quot;opal-move-up&quot;}\" data-widget_type=\"text-editor.default\">\n\t\t\t\t\t\t\t\t\t<p data-start=\"1233\" data-end=\"1340\">O EyeFlux integra tecnologia IoT \u00e0 opera\u00e7\u00e3o para monitorar pessoas, \u00e1reas e eventos cr\u00edticos em tempo real.<\/p><p data-start=\"1342\" data-end=\"1647\">Cada colaborador pode ser identificado e acompanhado por meio de dispositivos inteligentes, permitindo saber exatamente onde ele est\u00e1 dentro da planta. Em situa\u00e7\u00f5es de emerg\u00eancia, o pr\u00f3prio colaborador pode acionar um alerta instant\u00e2neo atrav\u00e9s do crach\u00e1, garantindo resposta r\u00e1pida da equipe respons\u00e1vel.<\/p><p data-start=\"1649\" data-end=\"1869\">Al\u00e9m disso, o sistema permite definir \u00e1reas de risco, controlar acessos, gerar alertas autom\u00e1ticos e manter um hist\u00f3rico completo de movimenta\u00e7\u00f5es e ocorr\u00eancias, trazendo rastreabilidade e seguran\u00e7a para toda a opera\u00e7\u00e3o.<\/p>\t\t\t\t\t\t\t\t<\/div>\n\t\t\t\t<div class=\"elementor-element elementor-element-dd83aaa elementor-widget elementor-widget-spacer\" data-id=\"dd83aaa\" data-element_type=\"widget\" data-e-type=\"widget\" data-widget_type=\"spacer.default\">\n\t\t\t\t\t\t\t<div class=\"elementor-spacer\">\n\t\t\t<div class=\"elementor-spacer-inner\"><\/div>\n\t\t<\/div>\n\t\t\t\t\t\t<\/div>\n\t\t\t\t<div class=\"elementor-element elementor-element-fda4c49 elementor-widget elementor-widget-icon-box\" data-id=\"fda4c49\" data-element_type=\"widget\" data-e-type=\"widget\" data-widget_type=\"icon-box.default\">\n\t\t\t\t\t\t\t<div class=\"elementor-icon-box-wrapper\">\n\n\t\t\t\n\t\t\t\t\t\t<div class=\"elementor-icon-box-content\">\n\n\t\t\t\t\t\t\t\t\t<h6 class=\"elementor-icon-box-title\">\n\t\t\t\t\t\t<span  >\n\t\t\t\t\t\t\tFluxo da opera\u00e7\u00e3o\t\t\t\t\t\t<\/span>\n\t\t\t\t\t<\/h6>\n\t\t\t\t\n\t\t\t\t\n\t\t\t<\/div>\n\t\t\t\n\t\t<\/div>\n\t\t\t\t\t\t<\/div>\n\t\t\t\t<div class=\"elementor-element elementor-element-1d4191f elementor-widget elementor-widget-image\" data-id=\"1d4191f\" data-element_type=\"widget\" data-e-type=\"widget\" data-widget_type=\"image.default\">\n\t\t\t\t\t\t\t\t\t\t\t\t\t\t\t\t<a href=\"https:\/\/eyeflux.com.br\/wp-content\/uploads\/2026\/04\/ChatGPT-Image-17-de-abr.-de-2026-15_15_14.png\" data-elementor-open-lightbox=\"yes\" data-e-action-hash=\"#elementor-action%3Aaction%3Dlightbox%26settings%3DeyJpZCI6NjM2MCwidXJsIjoiaHR0cHM6XC9cL2V5ZWZsdXguY29tLmJyXC93cC1jb250ZW50XC91cGxvYWRzXC8yMDI2XC8wNFwvQ2hhdEdQVC1JbWFnZS0xNy1kZS1hYnIuLWRlLTIwMjYtMTVfMTVfMTQucG5nIn0%3D\">\n\t\t\t\t\t\t\t<img fetchpriority=\"high\" decoding=\"async\" width=\"900\" height=\"600\" src=\"https:\/\/eyeflux.com.br\/wp-content\/uploads\/2026\/04\/ChatGPT-Image-17-de-abr.-de-2026-15_15_14-1024x683.png\" class=\"attachment-large size-large wp-image-6360\" alt=\"\" srcset=\"https:\/\/eyeflux.com.br\/wp-content\/uploads\/2026\/04\/ChatGPT-Image-17-de-abr.-de-2026-15_15_14-1024x683.png 1024w, https:\/\/eyeflux.com.br\/wp-content\/uploads\/2026\/04\/ChatGPT-Image-17-de-abr.-de-2026-15_15_14-300x200.png 300w, https:\/\/eyeflux.com.br\/wp-content\/uploads\/2026\/04\/ChatGPT-Image-17-de-abr.-de-2026-15_15_14-768x512.png 768w, https:\/\/eyeflux.com.br\/wp-content\/uploads\/2026\/04\/ChatGPT-Image-17-de-abr.-de-2026-15_15_14-800x533.png 800w, https:\/\/eyeflux.com.br\/wp-content\/uploads\/2026\/04\/ChatGPT-Image-17-de-abr.-de-2026-15_15_14-1000x667.png 1000w, https:\/\/eyeflux.com.br\/wp-content\/uploads\/2026\/04\/ChatGPT-Image-17-de-abr.-de-2026-15_15_14.png 1536w\" sizes=\"(max-width: 900px) 100vw, 900px\" \/>\t\t\t\t\t\t\t\t<\/a>\n\t\t\t\t\t\t\t\t\t\t\t\t\t\t\t<\/div>\n\t\t\t\t<div class=\"elementor-element elementor-element-116aa79 elementor-widget elementor-widget-spacer\" data-id=\"116aa79\" data-element_type=\"widget\" data-e-type=\"widget\" data-widget_type=\"spacer.default\">\n\t\t\t\t\t\t\t<div class=\"elementor-spacer\">\n\t\t\t<div class=\"elementor-spacer-inner\"><\/div>\n\t\t<\/div>\n\t\t\t\t\t\t<\/div>\n\t\t\t\t<div class=\"elementor-element elementor-element-16aef56 animated-fast elementor-invisible elementor-widget elementor-widget-heading\" data-id=\"16aef56\" data-element_type=\"widget\" data-e-type=\"widget\" data-settings=\"{&quot;_animation&quot;:&quot;opal-move-up&quot;}\" data-widget_type=\"heading.default\">\n\t\t\t\t\t<h4 class=\"elementor-heading-title elementor-size-default\">Principais Benef\u00edcios da Solu\u00e7\u00e3o<\/h4>\t\t\t\t<\/div>\n\t\t\t\t<div class=\"elementor-element elementor-element-bfe64a2 elementor-widget elementor-widget-spacer\" data-id=\"bfe64a2\" data-element_type=\"widget\" data-e-type=\"widget\" data-widget_type=\"spacer.default\">\n\t\t\t\t\t\t\t<div class=\"elementor-spacer\">\n\t\t\t<div class=\"elementor-spacer-inner\"><\/div>\n\t\t<\/div>\n\t\t\t\t\t\t<\/div>\n\t\t\t\t<div class=\"elementor-element elementor-element-a79ea80 animated-fast elementor-icon-list--layout-traditional elementor-list-item-link-full_width elementor-invisible elementor-widget elementor-widget-icon-list\" data-id=\"a79ea80\" data-element_type=\"widget\" data-e-type=\"widget\" data-settings=\"{&quot;_animation&quot;:&quot;opal-move-up&quot;}\" data-widget_type=\"icon-list.default\">\n\t\t\t\t\t\t\t<ul class=\"elementor-icon-list-items\">\n\t\t\t\t\t\t\t<li class=\"elementor-icon-list-item\">\n\t\t\t\t\t\t\t\t\t\t\t<span class=\"elementor-icon-list-icon\">\n\t\t\t\t\t\t\t<i aria-hidden=\"true\" class=\"untex-icon- untex-icon-check-fill\"><\/i>\t\t\t\t\t\t<\/span>\n\t\t\t\t\t\t\t\t\t\t<span class=\"elementor-icon-list-text\">Monitoramento em tempo real da localiza\u00e7\u00e3o de colaboradores<\/span>\n\t\t\t\t\t\t\t\t\t<\/li>\n\t\t\t\t\t\t\t\t<li class=\"elementor-icon-list-item\">\n\t\t\t\t\t\t\t\t\t\t\t<span class=\"elementor-icon-list-icon\">\n\t\t\t\t\t\t\t<i aria-hidden=\"true\" class=\"untex-icon- untex-icon-check-fill\"><\/i>\t\t\t\t\t\t<\/span>\n\t\t\t\t\t\t\t\t\t\t<span class=\"elementor-icon-list-text\">Resposta r\u00e1pida a emerg\u00eancias com acionamento direto pelo usu\u00e1rio<\/span>\n\t\t\t\t\t\t\t\t\t<\/li>\n\t\t\t\t\t\t\t\t<li class=\"elementor-icon-list-item\">\n\t\t\t\t\t\t\t\t\t\t\t<span class=\"elementor-icon-list-icon\">\n\t\t\t\t\t\t\t<i aria-hidden=\"true\" class=\"untex-icon- untex-icon-check-fill\"><\/i>\t\t\t\t\t\t<\/span>\n\t\t\t\t\t\t\t\t\t\t<span class=\"elementor-icon-list-text\">Controle de acesso a \u00e1reas restritas e de risco<\/span>\n\t\t\t\t\t\t\t\t\t<\/li>\n\t\t\t\t\t\t\t\t<li class=\"elementor-icon-list-item\">\n\t\t\t\t\t\t\t\t\t\t\t<span class=\"elementor-icon-list-icon\">\n\t\t\t\t\t\t\t<i aria-hidden=\"true\" class=\"untex-icon- untex-icon-check-fill\"><\/i>\t\t\t\t\t\t<\/span>\n\t\t\t\t\t\t\t\t\t\t<span class=\"elementor-icon-list-text\">Redu\u00e7\u00e3o de incidentes e aumento da seguran\u00e7a operacional<\/span>\n\t\t\t\t\t\t\t\t\t<\/li>\n\t\t\t\t\t\t\t\t<li class=\"elementor-icon-list-item\">\n\t\t\t\t\t\t\t\t\t\t\t<span class=\"elementor-icon-list-icon\">\n\t\t\t\t\t\t\t<i aria-hidden=\"true\" class=\"untex-icon- untex-icon-check-fill\"><\/i>\t\t\t\t\t\t<\/span>\n\t\t\t\t\t\t\t\t\t\t<span class=\"elementor-icon-list-text\">Rastreabilidade completa de movimenta\u00e7\u00f5es e eventos<\/span>\n\t\t\t\t\t\t\t\t\t<\/li>\n\t\t\t\t\t\t\t\t<li class=\"elementor-icon-list-item\">\n\t\t\t\t\t\t\t\t\t\t\t<span class=\"elementor-icon-list-icon\">\n\t\t\t\t\t\t\t<svg aria-hidden=\"true\" class=\"e-font-icon-svg e-fas-check\" viewBox=\"0 0 512 512\" xmlns=\"http:\/\/www.w3.org\/2000\/svg\"><path d=\"M173.898 439.404l-166.4-166.4c-9.997-9.997-9.997-26.206 0-36.204l36.203-36.204c9.997-9.998 26.207-9.998 36.204 0L192 312.69 432.095 72.596c9.997-9.997 26.207-9.997 36.204 0l36.203 36.204c9.997 9.997 9.997 26.206 0 36.204l-294.4 294.401c-9.998 9.997-26.207 9.997-36.204-.001z\"><\/path><\/svg>\t\t\t\t\t\t<\/span>\n\t\t\t\t\t\t\t\t\t\t<span class=\"elementor-icon-list-text\">Maior conformidade com normas de seguran\u00e7a do trabalho<\/span>\n\t\t\t\t\t\t\t\t\t<\/li>\n\t\t\t\t\t\t\t\t<li class=\"elementor-icon-list-item\">\n\t\t\t\t\t\t\t\t\t\t\t<span class=\"elementor-icon-list-icon\">\n\t\t\t\t\t\t\t<svg aria-hidden=\"true\" class=\"e-font-icon-svg e-fas-check\" viewBox=\"0 0 512 512\" xmlns=\"http:\/\/www.w3.org\/2000\/svg\"><path d=\"M173.898 439.404l-166.4-166.4c-9.997-9.997-9.997-26.206 0-36.204l36.203-36.204c9.997-9.998 26.207-9.998 36.204 0L192 312.69 432.095 72.596c9.997-9.997 26.207-9.997 36.204 0l36.203 36.204c9.997 9.997 9.997 26.206 0 36.204l-294.4 294.401c-9.998 9.997-26.207 9.997-36.204-.001z\"><\/path><\/svg>\t\t\t\t\t\t<\/span>\n\t\t\t\t\t\t\t\t\t\t<span class=\"elementor-icon-list-text\">Visibilidade total da opera\u00e7\u00e3o para tomada de decis\u00e3o<\/span>\n\t\t\t\t\t\t\t\t\t<\/li>\n\t\t\t\t\t\t<\/ul>\n\t\t\t\t\t\t<\/div>\n\t\t\t\t<\/div>\n\t\t<div class=\"elementor-element elementor-element-fbad983 e-flex e-con-boxed e-con e-child\" data-id=\"fbad983\" data-element_type=\"container\" data-e-type=\"container\" data-settings=\"{&quot;background_background&quot;:&quot;gradient&quot;}\">\n\t\t\t\t\t<div class=\"e-con-inner\">\n\t\t\t\t<div class=\"elementor-element elementor-element-67b63de elementor-widget elementor-widget-spacer\" data-id=\"67b63de\" data-element_type=\"widget\" data-e-type=\"widget\" data-widget_type=\"spacer.default\">\n\t\t\t\t\t\t\t<div class=\"elementor-spacer\">\n\t\t\t<div class=\"elementor-spacer-inner\"><\/div>\n\t\t<\/div>\n\t\t\t\t\t\t<\/div>\n\t\t<div class=\"elementor-element elementor-element-6d8b1e0 e-con-full path-wrap-yes e-flex e-con e-child\" data-id=\"6d8b1e0\" data-element_type=\"container\" data-e-type=\"container\" data-settings=\"{&quot;background_background&quot;:&quot;classic&quot;,&quot;untex_path_radius_value&quot;:10}\">\n\t\t\t\t<div class=\"elementor-element elementor-element-215b303 elementor-widget elementor-widget-heading\" data-id=\"215b303\" data-element_type=\"widget\" data-e-type=\"widget\" data-widget_type=\"heading.default\">\n\t\t\t\t\t<h6 class=\"elementor-heading-title elementor-size-default\">Nossos servi\u00e7os<\/h6>\t\t\t\t<\/div>\n\t\t\t\t<div class=\"elementor-element elementor-element-f308e38 elementor-service-style-5 elementor-widget elementor-widget-untex-services\" data-id=\"f308e38\" data-element_type=\"widget\" data-e-type=\"widget\" data-widget_type=\"untex-services.default\">\n\t\t\t\t<div class=\"elementor-widget-container\">\n\t\t\t\t\t        <div class=\"elementor-service-wrapper\">\n            <div class=\"d-grid\">\n                                    <div class=\"grid-item service-item service-style-5\">\n                        <div class=\"service-content post-6158 untex_services type-untex_services status-publish has-post-thumbnail hentry\">\n    <h6 class=\"service-title\">\n        <a href=\"https:\/\/eyeflux.com.br\/?untex_services=recepcao-de-motorista\"><span>Recep\u00e7\u00e3o de motorista<\/span><i class=\"untex-icon-arrow-right\"><\/i><\/a>\n    <\/h6>\n<\/div>                    <\/div>\n                                        <div class=\"grid-item service-item service-style-5\">\n                        <div class=\"service-content post-6175 untex_services type-untex_services status-publish has-post-thumbnail hentry\">\n    <h6 class=\"service-title\">\n        <a href=\"https:\/\/eyeflux.com.br\/?untex_services=pesagem-industrial\"><span>Pesagem Industrial<\/span><i class=\"untex-icon-arrow-right\"><\/i><\/a>\n    <\/h6>\n<\/div>                    <\/div>\n                                        <div class=\"grid-item service-item service-style-5\">\n                        <div class=\"service-content post-6276 untex_services type-untex_services status-publish has-post-thumbnail hentry\">\n    <h6 class=\"service-title\">\n        <a href=\"https:\/\/eyeflux.com.br\/?untex_services=iot\"><span>IoT<\/span><i class=\"untex-icon-arrow-right\"><\/i><\/a>\n    <\/h6>\n<\/div>                    <\/div>\n                                        <div class=\"grid-item service-item service-style-5\">\n                        <div class=\"service-content post-6202 untex_services type-untex_services status-publish has-post-thumbnail hentry\">\n    <h6 class=\"service-title\">\n        <a href=\"https:\/\/eyeflux.com.br\/?untex_services=geo-localizacao\"><span>GeoLocaliza\u00e7\u00e3o<\/span><i class=\"untex-icon-arrow-right\"><\/i><\/a>\n    <\/h6>\n<\/div>                    <\/div>\n                                        <div class=\"grid-item service-item service-style-5\">\n                        <div class=\"service-content post-6187 untex_services type-untex_services status-publish has-post-thumbnail hentry\">\n    <h6 class=\"service-title\">\n        <a href=\"https:\/\/eyeflux.com.br\/?untex_services=fluxo-de-carga\"><span>Fluxo de carga<\/span><i class=\"untex-icon-arrow-right\"><\/i><\/a>\n    <\/h6>\n<\/div>                    <\/div>\n                                        <div class=\"grid-item service-item service-style-5\">\n                        <div class=\"service-content post-6070 untex_services type-untex_services status-publish has-post-thumbnail hentry\">\n    <h6 class=\"service-title\">\n        <a href=\"https:\/\/eyeflux.com.br\/?untex_services=agendamento\"><span>Agendamento<\/span><i class=\"untex-icon-arrow-right\"><\/i><\/a>\n    <\/h6>\n<\/div>                    <\/div>\n                                <\/div>\n\n        <\/div>\n                \t\t\t\t<\/div>\n\t\t\t\t<\/div>\n\t\t\t\t<\/div>\n\t\t\t\t\t<\/div>\n\t\t\t\t<\/div>\n\t\t\t\t<\/div>\n\t\t\t\t<\/div>\n\t\t","protected":false},"excerpt":{"rendered":"<p>Seguran\u00e7a e Monitoramento Introdu\u00e7\u00e3o A seguran\u00e7a dentro da opera\u00e7\u00e3o n\u00e3o pode depender de processos manuais ou da percep\u00e7\u00e3o humana. Com o EyeFlux, toda a movimenta\u00e7\u00e3o de pessoas e eventos cr\u00edticos passa a ser monitorada em tempo real, garantindo visibilidade total e resposta imediata. Atrav\u00e9s de dispositivos inteligentes como beacons e crach\u00e1s com bot\u00e3o de emerg\u00eancia, [&hellip;]<\/p>\n","protected":false},"author":1,"featured_media":0,"parent":0,"menu_order":0,"comment_status":"closed","ping_status":"closed","template":"","meta":{"inline_featured_image":false,"footnotes":""},"class_list":["post-6357","page","type-page","status-publish","hentry"],"_links":{"self":[{"href":"https:\/\/eyeflux.com.br\/index.php?rest_route=\/wp\/v2\/pages\/6357","targetHints":{"allow":["GET"]}}],"collection":[{"href":"https:\/\/eyeflux.com.br\/index.php?rest_route=\/wp\/v2\/pages"}],"about":[{"href":"https:\/\/eyeflux.com.br\/index.php?rest_route=\/wp\/v2\/types\/page"}],"author":[{"embeddable":true,"href":"https:\/\/eyeflux.com.br\/index.php?rest_route=\/wp\/v2\/users\/1"}],"replies":[{"embeddable":true,"href":"https:\/\/eyeflux.com.br\/index.php?rest_route=%2Fwp%2Fv2%2Fcomments&post=6357"}],"version-history":[{"count":5,"href":"https:\/\/eyeflux.com.br\/index.php?rest_route=\/wp\/v2\/pages\/6357\/revisions"}],"predecessor-version":[{"id":6363,"href":"https:\/\/eyeflux.com.br\/index.php?rest_route=\/wp\/v2\/pages\/6357\/revisions\/6363"}],"wp:attachment":[{"href":"https:\/\/eyeflux.com.br\/index.php?rest_route=%2Fwp%2Fv2%2Fmedia&parent=6357"}],"curies":[{"name":"wp","href":"https:\/\/api.w.org\/{rel}","templated":true}]}}